{"id":11153,"date":"2025-10-28T15:58:42","date_gmt":"2025-10-28T14:58:42","guid":{"rendered":"https:\/\/www.hibernian-recruitment.com\/?page_id=11153"},"modified":"2025-12-10T12:59:39","modified_gmt":"2025-12-10T11:59:39","slug":"recruiting-as-a-service","status":"publish","type":"page","link":"https:\/\/www.hibernian-recruitment.com\/en\/recruiting-as-a-service\/","title":{"rendered":"Recruiting as a Service"},"content":{"rendered":"<div class=\"wpb-content-wrapper\"><p>[vc_row][vc_column]<div class=\"iw-heading  style1  text-center border-color-theme\" style=\"width: 100%\"><h1 class=\"iwh-title\" style=\"color: #680f00; font-size: 50px; font-weight: 400; line-height: 50px; margin-bottom: \">Recruiting as a Service (RaaS)<\/h1><\/div>[\/vc_column][vc_column][vc_column_text css=&#8221;&#8221;][\/vc_column_text][\/vc_column][vc_column][vc_text_separator title=&#8221;Unsere Leistung&#8221; i_icon_fontawesome=&#8221;fas fa-users-cog&#8221; i_color=&#8221;chino&#8221; i_size=&#8221;lg&#8221; css=&#8221;&#8221; add_icon=&#8221;true&#8221;][\/vc_column][\/vc_row][vc_row full_width=&#8221;stretch_row&#8221; gap=&#8221;3&#8243; full_height=&#8221;yes&#8221; equal_height=&#8221;yes&#8221; content_placement=&#8221;middle&#8221;][vc_column]<div class=\"info-list Unsere Leistungstyle1\"><div class=\"iw-item-info  style3 \" style=\"\"><div class=\"info-wrap\"><div class=\"info-content\"><div class=\"info-content-right\"><h3 class=\"title\"><a href=\"#\" style=\"margin-bottom: \">Recruiting-Prozesse optimieren<\/a><\/h3><\/div><\/div><p class=\"description\" style=\"font-style: normal\">\u201eRecruiting as a Service\u201c ist die ideale Wahl f\u00fcr Unternehmen, die ihre Recruiting-Prozesse optimieren und gleichzeitig Kosten sparen m\u00f6chten.<\/p><\/div><\/div><div class=\"iw-item-info  style3 \" style=\"\"><div class=\"info-wrap\"><div class=\"info-content\"><div class=\"info-content-right\"><h3 class=\"title\"><a href=\"#\" style=\"margin-bottom: \">Das richtige Talent finden<\/a><\/h3><\/div><\/div><p class=\"description\" style=\"font-style: normal\">Wir sind keine klassische Agentur. Wir schicken Ihnen keine 100 CVs. Wir liefern einfach das richtige Talent zum richtigen Preis und zur richtigen Zeit.<\/p><\/div><\/div><div class=\"iw-item-info  style3 \" style=\"\"><div class=\"info-wrap\"><div class=\"info-content\"><div class=\"info-content-right\"><h3 class=\"title\"><a href=\"#\" style=\"margin-bottom: \">Kosten und Zeit sparen<\/a><\/h3><\/div><\/div><p class=\"description\" style=\"font-style: normal\">Daf\u00fcr unterst\u00fctzen wir Sie im gesamten Recruiting Prozess durch individuelle L\u00f6sungen und ma\u00dfgeschneiderte Paket-Angebote<\/p><\/div><\/div><\/div>[vc_row_inner][vc_column_inner][vc_column_text css=&#8221;&#8221;][\/vc_column_text][vc_text_separator title=&#8221;Ihre Vorteile&#8221; i_icon_fontawesome=&#8221;fas fa-trophy&#8221; i_color=&#8221;chino&#8221; i_size=&#8221;lg&#8221; css=&#8221;&#8221; add_icon=&#8221;true&#8221;][\/vc_column_inner][\/vc_row_inner]<div class=\"info-list Ihre Vorteilestyle1\"><div class=\"iw-item-info  style3 \" style=\"min-height: 190px \"><div class=\"info-wrap\"><div class=\"info-content\"><div class=\"info-content-right\"><h3 class=\"title\" style=\"color: #680f00; font-size: 20px; font-family: Montserrat; font-weight: 400; line-height: 15px; margin-bottom: \"><strong>Dank RaaS erhalten Sie:<\/strong><\/h3><\/div><\/div><p class=\"description\" style=\"font-style: normal\">- Schnellen Zugang zu spezialisierten AI- &amp; Tech-Talenten<br \/> - Einen strategischen Partner, der Ihre Org-Struktur &amp; Roadmap versteht<br \/>- Flexible Hiring-Modelle (projektbasiert, fractional, Full-Time)<br \/>- Hands-on-Support zur Entlastung interner Teams<br \/>- Klare Hiring-Strategie, abgestimmt auf Automatisierungspl\u00e4ne<br \/>- Keine Unsicherheit: Entscheidungen basieren auf Kosten- &amp; Kompetenz-Insights<\/p><\/div><\/div><div class=\"iw-item-info  style3 \" style=\"min-height: 190px \"><div class=\"info-wrap\"><div class=\"info-content\"><div class=\"info-content-right\"><h3 class=\"title\" style=\"color: #680f00; font-size: 20px; font-family: Montserrat; font-weight: 400; line-height: 15px; margin-bottom: \"><strong>F\u00fcr wen ist RaaS gedacht?<\/strong><\/h3><\/div><\/div><p class=\"description\" style=\"font-style: normal\">Unsere Expertise liegt vor allem in den Bereichen KI und IT.<br \/>Am besten arbeiten wir mit\/f\u00fcr Tech-Scale-ups, KMU &amp; Hidden Campions, die:<br \/>- schnell skalieren\/ strategische Ziele verfolgen<br \/>- F\u00e4higkeitsl\u00fccken in Data, AI oder Tech Ops haben<br \/>- Hiring-Risiken reduzieren und Tempo aufnehmen wollen<br \/>\n<br \/><\/p><\/div><\/div><div class=\"iw-item-info  style3 \" style=\"min-height: 190px \"><div class=\"info-wrap\"><div class=\"info-content\"><div class=\"info-content-right\"><h3 class=\"title\" style=\"color: #680f00; font-size: 20px; font-family: Montserrat; font-weight: 400; line-height: 15px; margin-bottom: \"><strong>Was es noch zu sagen gibt:<\/strong><\/h3><\/div><\/div><p class=\"description\" style=\"font-style: normal\">Informieren Sie sich kostenlos, wie Sie - gerade bei schwankendem<br \/>\nPersonal-Bedarf - vom Outsourcing des Rekrutierungsprozesses an<br \/>\nspezialisierte Dienstleister profitieren:<br \/>\n<br \/><br \/>\n<br \/><br \/>\n<br \/><br \/>\n<br \/><\/p><\/div><\/div><\/div>[vc_row_inner][vc_column_inner][vc_column_text css=&#8221;&#8221;][\/vc_column_text][\/vc_column_inner][\/vc_row_inner][\/vc_column][\/vc_row][vc_row full_width=&#8221;stretch_row&#8221;][vc_column]<div class=\"iw-heading  style1  text-center border-color-theme\" style=\"width: 100%\"><h2 class=\"iwh-title\" style=\"color: #680f00; font-size: 40px; font-weight: 400; margin-bottom: \">Die Richtige Auswahl treffen<\/h2><\/div>[vc_column_text css=&#8221;&#8221;][\/vc_column_text][\/vc_column][\/vc_row][vc_row full_width=&#8221;stretch_row&#8221; gap=&#8221;10&#8243;][vc_column width=&#8221;1\/3&#8243;][vc_pricing_table heading=&#8221;Light Package&#8221; currency=&#8221;\u20ac&#8221; price=&#8221;5.000&#8243; period=&#8221;for 3 Months&#8221; markers_color=&#8221;#680f00&#8243; btn_title=&#8221;Kontaktieren Sie uns&#8221; btn_color=&#8221;success&#8221; css=&#8221;.vc_custom_1757512949305{background-color: #ececec !important;}&#8221; btn_link=&#8221;url:https%3A%2F%2Fwww.hibernian-recruitment.com%2Fkontakt%2F|target:_blank&#8221;]<\/p>\n<ul class=\"wpb-plan-features\">\n<li>1\u20132 targeted hires<\/li>\n<li>Direct search &amp; recruiting <em>40 hrs\/month<\/em><\/li>\n<li>High-touch candidate experience, pre-qualification, and KPI-based progress tracking<\/li>\n<\/ul>\n<p>[\/vc_pricing_table][\/vc_column][vc_column width=&#8221;1\/3&#8243;][vc_pricing_table heading=&#8221;Grow Package&#8221; currency=&#8221;\u20ac&#8221; price=&#8221;8.000&#8243; period=&#8221;for 3 Months&#8221; markers_color=&#8221;#680f00&#8243; btn_title=&#8221;Kontaktieren Sie uns&#8221; btn_color=&#8221;success&#8221; css=&#8221;.vc_custom_1758609303059{background-color: #ececec !important;}&#8221; btn_link=&#8221;url:https%3A%2F%2Fwww.hibernian-recruitment.com%2Fkontakt%2F|target:_blank&#8221;]<\/p>\n<ul class=\"wpb-plan-features\">\n<li>3\u20134 hires or recruitment during growth<\/li>\n<li>Full-cycle recruitment <em>80 hrs\/month<\/em><\/li>\n<li>End-to-end support including sourcing to contract negotiation<\/li>\n<\/ul>\n<p>&nbsp;<\/p>\n<p>[\/vc_pricing_table][\/vc_column][vc_column width=&#8221;1\/3&#8243;][vc_pricing_table heading=&#8221;All-In Package&#8221; currency=&#8221;\u20ac&#8221; price=&#8221;10.000&#8243; period=&#8221;for 6 Months&#8221; markers_color=&#8221;#680f00&#8243; btn_title=&#8221;Kontaktieren Sie uns&#8221; btn_color=&#8221;success&#8221; css=&#8221;.vc_custom_1758609316964{background-color: #ececec !important;}&#8221; btn_link=&#8221;url:https%3A%2F%2Fwww.hibernian-recruitment.com%2Fkontakt%2F|target:_blank&#8221;]<\/p>\n<ul class=\"wpb-plan-features\">\n<li>Unlimited roles &amp; long-term scale-up<\/li>\n<li>Fully customized recruiting plan <em>Variable<\/em><\/li>\n<li>Strategic partner for complex, high-volume, AI-driven hiring<\/li>\n<\/ul>\n<p>[\/vc_pricing_table][\/vc_column][\/vc_row][vc_row][vc_column][vc_column_text css=&#8221;&#8221;][\/vc_column_text][\/vc_column][\/vc_row][vc_row][vc_column]\n<div class=\"wpcf7 no-js\" id=\"wpcf7-f5899-o1\" lang=\"de-DE\" dir=\"ltr\" data-wpcf7-id=\"5899\">\n<div class=\"screen-reader-response\"><p role=\"status\" aria-live=\"polite\" aria-atomic=\"true\"><\/p> <ul><\/ul><\/div>\n<form action=\"\/en\/wp-json\/wp\/v2\/pages\/11153#wpcf7-f5899-o1\" method=\"post\" class=\"wpcf7-form init\" aria-label=\"Kontaktformular\" novalidate=\"novalidate\" data-status=\"init\">\n<fieldset class=\"hidden-fields-container\"><input type=\"hidden\" name=\"_wpcf7\" value=\"5899\" \/><input type=\"hidden\" name=\"_wpcf7_version\" value=\"6.1.5\" \/><input type=\"hidden\" name=\"_wpcf7_locale\" value=\"de_DE\" \/><input type=\"hidden\" name=\"_wpcf7_unit_tag\" value=\"wpcf7-f5899-o1\" \/><input type=\"hidden\" name=\"_wpcf7_container_post\" value=\"0\" \/><input type=\"hidden\" name=\"_wpcf7_posted_data_hash\" value=\"\" \/>\n<\/fieldset>\n<h1>Please contact us so we can get in touch!\n<\/h1>\n<div class=\"row\">\n\t<div class=\"col-md-5\">\n\t\t<h4>Hibernian Recruitment GmbH\n\t\t<\/h4>\n\t\t<p>Pestalozzistra\u00dfe 21<br \/>\n80469 Muenchen<br \/>\n<a href=\"mailto:info@hibernian.de\">info@hibernian.de<\/a>\n\t\t<\/p>\n\t\t<p><br \/>\nAmtsgericht Muenchen<br \/>\nHandelsregister: HRB 246367<br \/>\nUmsatzsteuer-ID: DE322145520<br \/>\nGesch\u00e4ftsf\u00fchrer: Ann Dempsey\n\t\t<\/p>\n\t<\/div>\n\t<div class=\"col-md-5\">\n\t\t<p><label> Your Name (required)<br \/>\n<span class=\"wpcf7-form-control-wrap\" data-name=\"your-name\"><input size=\"40\" maxlength=\"400\" class=\"wpcf7-form-control wpcf7-text wpcf7-validates-as-required\" aria-required=\"true\" aria-invalid=\"false\" value=\"\" type=\"text\" name=\"your-name\" \/><\/span> <\/label><br \/>\n<label> Your E-Mail-Address (required)<br \/>\n<span class=\"wpcf7-form-control-wrap\" data-name=\"your-email\"><input size=\"40\" maxlength=\"400\" class=\"wpcf7-form-control wpcf7-email wpcf7-validates-as-required wpcf7-text wpcf7-validates-as-email\" aria-required=\"true\" aria-invalid=\"false\" value=\"\" type=\"email\" name=\"your-email\" \/><\/span> <\/label><br \/>\n<label> Subject<br \/>\n<span class=\"wpcf7-form-control-wrap\" data-name=\"your-subject\"><input size=\"40\" maxlength=\"400\" class=\"wpcf7-form-control wpcf7-text\" aria-invalid=\"false\" value=\"\" type=\"text\" name=\"your-subject\" \/><\/span> <\/label><br \/>\n<label> Your Message<br \/>\n<span class=\"wpcf7-form-control-wrap\" data-name=\"your-message\"><textarea cols=\"40\" rows=\"10\" maxlength=\"2000\" class=\"wpcf7-form-control wpcf7-textarea\" aria-invalid=\"false\" name=\"your-message\"><\/textarea><\/span> <\/label><br \/>\n<span class=\"wpcf7-form-control-wrap kc_captcha\" data-name=\"kc_captcha\"><span class=\"wpcf7-form-control wpcf7-radio\"><span class=\"captcha-image\" ><span class=\"cf7ic_instructions\">Bitte beweise, dass du kein Spambot bist und w\u00e4hle das Symbol<span> Baum<\/span>.<\/span><label><input aria-label=\"1\" type=\"radio\" name=\"kc_captcha\" value=\"bot\" \/><svg aria-hidden=\"true\" role=\"img\" xmlns=\"http:\/\/www.w3.org\/2000\/svg\" viewBox=\"0 0 576 512\"><path fill=\"currentColor\" d=\"M259 18l-65 132-146 22c-26 3-37 36-18 54l106 103-25 146c-5 26 23 46 46 33l131-68 131 68c23 13 51-7 46-33l-25-146 106-103c19-18 8-51-18-54l-146-22-65-132a32 32 0 00-58 0z\"\/><\/svg><\/label><label><input aria-label=\"2\" type=\"radio\" name=\"kc_captcha\" value=\"bot\" \/><svg aria-hidden=\"true\" role=\"img\" xmlns=\"http:\/\/www.w3.org\/2000\/svg\" viewBox=\"0 0 640 512\"><path fill=\"currentColor\" d=\"M624 352h-16V244c0-13-5-25-14-34L494 110c-9-9-21-14-34-14h-44V48c0-26-21-48-48-48H48C22 0 0 22 0 48v320c0 27 22 48 48 48h16a96 96 0 00192 0h128a96 96 0 00192 0h48c9 0 16-7 16-16v-32c0-9-7-16-16-16zM160 464a48 48 0 110-96 48 48 0 010 96zm320 0a48 48 0 110-96 48 48 0 010 96zm80-208H416V144h44l100 100v12z\"\/><\/svg><\/label><label><input aria-label=\"3\" type=\"radio\" name=\"kc_captcha\" value=\"kc_human\" \/><svg aria-hidden=\"true\" role=\"img\" xmlns=\"http:\/\/www.w3.org\/2000\/svg\" viewBox=\"0 0 384 512\"><path fill=\"currentColor\" d=\"M377 375l-83-87h34c21 0 32-25 17-40l-82-88h33c21 0 32-25 18-40L210 8c-10-11-26-11-36 0L70 120c-14 15-3 40 18 40h33l-82 88c-15 15-4 40 17 40h34L7 375c-15 16-4 41 17 41h120c0 33-11 49-34 68-12 9-5 28 10 28h144c15 0 22-19 10-28-20-16-34-32-34-68h120c21 0 32-25 17-41z\"\/><\/svg><\/label>\r\n    <\/span>\r\n    <span style=\"display:none\">\r\n        <input type=\"text\" name=\"kc_honeypot\">\r\n    <\/span><\/span><\/span><br \/>\n<input class=\"wpcf7-form-control wpcf7-submit has-spinner\" type=\"submit\" value=\"Send\" \/>\n\t\t<\/p>\n\t<\/div>\n<\/div><div class=\"wpcf7-response-output\" aria-hidden=\"true\"><\/div>\n<\/form>\n<\/div>\n[vc_row_inner][vc_column_inner][\/vc_column_inner][\/vc_row_inner][\/vc_column][\/vc_row]<\/p>\n<\/div>","protected":false},"excerpt":{"rendered":"<p>[vc_row][vc_column][\/vc_column][vc_column][vc_column_text css=&#8221;&#8221;][\/vc_column_text][\/vc_column][vc_column][vc_text_separator title=&#8221;Unsere Leistung&#8221; i_icon_fontawesome=&#8221;fas fa-users-cog&#8221; i_color=&#8221;chino&#8221; i_size=&#8221;lg&#8221; css=&#8221;&#8221; add_icon=&#8221;true&#8221;][\/vc_column][\/vc_row][vc_row full_width=&#8221;stretch_row&#8221; gap=&#8221;3&#8243; full_height=&#8221;yes&#8221; equal_height=&#8221;yes&#8221; content_placement=&#8221;middle&#8221;][vc_column][vc_row_inner][vc_column_inner][vc_column_text css=&#8221;&#8221;][\/vc_column_text][vc_text_separator title=&#8221;Ihre Vorteile&#8221; i_icon_fontawesome=&#8221;fas fa-trophy&#8221; i_color=&#8221;chino&#8221; i_size=&#8221;lg&#8221; css=&#8221;&#8221; add_icon=&#8221;true&#8221;][\/vc_column_inner][\/vc_row_inner][vc_row_inner][vc_column_inner][vc_column_text css=&#8221;&#8221;][\/vc_column_text][\/vc_column_inner][\/vc_row_inner][\/vc_column][\/vc_row][vc_row full_width=&#8221;stretch_row&#8221;][vc_column][vc_column_text css=&#8221;&#8221;][\/vc_column_text][\/vc_column][\/vc_row][vc_row full_width=&#8221;stretch_row&#8221; gap=&#8221;10&#8243;][vc_column width=&#8221;1\/3&#8243;][vc_pricing_table heading=&#8221;Light Package&#8221; currency=&#8221;\u20ac&#8221; price=&#8221;5.000&#8243; period=&#8221;for 3 Months&#8221; markers_color=&#8221;#680f00&#8243; btn_title=&#8221;Kontaktieren Sie uns&#8221; btn_color=&#8221;success&#8221; css=&#8221;.vc_custom_1757512949305{background-color: #ececec !important;}&#8221; btn_link=&#8221;url:https%3A%2F%2Fwww.hibernian-recruitment.com%2Fkontakt%2F|target:_blank&#8221;] 1\u20132 targeted hires Direct search &amp; recruiting 40 hrs\/month [&hellip;]<\/p>\n","protected":false},"author":31,"featured_media":0,"parent":0,"menu_order":0,"comment_status":"closed","ping_status":"closed","template":"","meta":{"_acf_changed":false,"footnotes":""},"class_list":["post-11153","page","type-page","status-publish","hentry"],"acf":[],"aioseo_notices":[],"_links":{"self":[{"href":"https:\/\/www.hibernian-recruitment.com\/en\/wp-json\/wp\/v2\/pages\/11153","targetHints":{"allow":["GET"]}}],"collection":[{"href":"https:\/\/www.hibernian-recruitment.com\/en\/wp-json\/wp\/v2\/pages"}],"about":[{"href":"https:\/\/www.hibernian-recruitment.com\/en\/wp-json\/wp\/v2\/types\/page"}],"author":[{"embeddable":true,"href":"https:\/\/www.hibernian-recruitment.com\/en\/wp-json\/wp\/v2\/users\/31"}],"replies":[{"embeddable":true,"href":"https:\/\/www.hibernian-recruitment.com\/en\/wp-json\/wp\/v2\/comments?post=11153"}],"version-history":[{"count":3,"href":"https:\/\/www.hibernian-recruitment.com\/en\/wp-json\/wp\/v2\/pages\/11153\/revisions"}],"predecessor-version":[{"id":11163,"href":"https:\/\/www.hibernian-recruitment.com\/en\/wp-json\/wp\/v2\/pages\/11153\/revisions\/11163"}],"wp:attachment":[{"href":"https:\/\/www.hibernian-recruitment.com\/en\/wp-json\/wp\/v2\/media?parent=11153"}],"curies":[{"name":"wp","href":"https:\/\/api.w.org\/{rel}","templated":true}]}}